{"id":3827,"date":"2026-01-20T16:03:26","date_gmt":"2026-01-20T15:03:26","guid":{"rendered":"https:\/\/www.astrosync.ovh\/nautiCoders\/?page_id=3827"},"modified":"2026-05-03T20:37:27","modified_gmt":"2026-05-03T18:37:27","slug":"blog-en","status":"publish","type":"page","link":"https:\/\/www.astrosync.ovh\/nautiCoders\/en\/blog-en\/","title":{"rendered":"Blog"},"content":{"rendered":"\n<div class=\"wp-block-uagb-container uagb-block-d1eb7ce0 alignfull uagb-is-root-container\">\n<div class=\"wp-block-uagb-info-box uagb-block-39af8579 uagb-infobox__content-wrap  uagb-infobox-icon-above-title uagb-infobox-image-valign-top\"><div class=\"uagb-ifb-content\"><div class=\"uagb-ifb-title-wrap\"><h1 class=\"uagb-ifb-title-prefix\"><strong>Nauti Coders&#8217; Notes<\/strong><\/h1><h4 class=\"uagb-ifb-title\"><strong>Sharing project updates, news, and astronomical curiosities<\/strong><\/h4><\/div><\/div><\/div>\n<\/div>\n\n\n\n<div class=\"wp-block-uagb-container uagb-block-4e055757 alignfull uagb-is-root-container\"><div class=\"uagb-container-inner-blocks-wrap\">\n<div class=\"wp-block-uagb-advanced-heading uagb-block-52e6f048\"><h2 class=\"uagb-heading-text\"><strong>The Latest from the Team<\/strong><\/h2><\/div>\n\n\n\n<div class=\"wp-block-uagb-container uagb-block-1d8c8dbd\">\n\t\t\t<div class=\"wp-block-uagb-post-grid uagb-post-grid  uagb-post__image-position-top uagb-post__image-enabled uagb-block-b87e5906     uagb-post__items uagb-post__columns-3 is-grid uagb-post__columns-tablet-2 uagb-post__columns-mobile-1 uagb-post__equal-height\" data-total=\"4\" style=\"\">\n\n\t\t\t\t\t\t\t\t\t\t\t\t<article class=\"uagb-post__inner-wrap\">\t\t\t\t\t\t\t\t<h4 class=\"uagb-post__title uagb-post__text\">\n\t\t\t\t<a href=\"https:\/\/www.astrosync.ovh\/nautiCoders\/demo-day-2026-presentacion-de-proyectos-abp\/\" target=\"_self\" rel=\"bookmark noopener noreferrer\">Demo Day 2026 \u2014 Presentaci\u00f3n de proyectos ABP<\/a>\n\t\t\t<\/h4>\n\t\t\t\t\t\t<div class='uagb-post__text uagb-post-grid-byline'>\n\t\t\t\t\t\t\t\t<time datetime=\"2026-05-03T20:43:57+02:00\" class=\"uagb-post__date\">\n\t\t\t\t<span class=\"dashicons-calendar dashicons\"><\/span>\t\t\t\t\t3 de mayo de 2026\t\t\t\t<\/time>\n\t\t\t\t\t\t\t<span class=\"uagb-post__comment\">\n\t\t\t\t<span class=\"dashicons-admin-comments dashicons\"><\/span>\t\t\t\t\tNo hay comentarios\t\t\t\t<\/span>\n\t\t\t\t\t\t<\/div>\n\t\t\t\t\t\t\t<div class='uagb-post__text uagb-post__excerpt'>\n\t\t\t\t\t<p>\ud83c\udf0c Introducci\u00f3n El pasado lunes 30 de marzo de 2026 se celebr\u00f3 el Demo Day&#8230;\t\t\t\t<\/div>\n\t\t\t\t\t\t<div class=\"uagb-post__text uagb-post__cta wp-block-button\">\n\t\t\t\t<a class=\"wp-block-button__link uagb-text-link\" style=\"\" href=\"https:\/\/www.astrosync.ovh\/nautiCoders\/demo-day-2026-presentacion-de-proyectos-abp\/\" target=\"_self\" rel=\"bookmark noopener noreferrer\">Leer m\u00e1s<\/a>\n\t\t\t<\/div>\n\t\t\t\n\t\t\t\t\t\t\t\t\t<\/article>\n\t\t\t\t\t\t\t\t\t\t\t\t\t\t\t\t<article class=\"uagb-post__inner-wrap\">\t\t\t\t\t\t\t\t<h4 class=\"uagb-post__title uagb-post__text\">\n\t\t\t\t<a href=\"https:\/\/www.astrosync.ovh\/nautiCoders\/no-te-pierdas-las-liridas-el-show-del-cielo-nocturno\/\" target=\"_self\" rel=\"bookmark noopener noreferrer\">No te pierdas las L\u00edridas: el show del cielo nocturno<\/a>\n\t\t\t<\/h4>\n\t\t\t\t\t\t<div class='uagb-post__text uagb-post-grid-byline'>\n\t\t\t\t\t\t\t\t<time datetime=\"2026-03-27T04:00:09+01:00\" class=\"uagb-post__date\">\n\t\t\t\t<span class=\"dashicons-calendar dashicons\"><\/span>\t\t\t\t\t27 de marzo de 2026\t\t\t\t<\/time>\n\t\t\t\t\t\t\t<span class=\"uagb-post__comment\">\n\t\t\t\t<span class=\"dashicons-admin-comments dashicons\"><\/span>\t\t\t\t\tNo hay comentarios\t\t\t\t<\/span>\n\t\t\t\t\t\t<\/div>\n\t\t\t\t\t\t\t<div class='uagb-post__text uagb-post__excerpt'>\n\t\t\t\t\t<p>\ud83c\udf0c El regreso de las L\u00edridas al cielo nocturno Cada mes de abril, el cielo&#8230;\t\t\t\t<\/div>\n\t\t\t\t\t\t<div class=\"uagb-post__text uagb-post__cta wp-block-button\">\n\t\t\t\t<a class=\"wp-block-button__link uagb-text-link\" style=\"\" href=\"https:\/\/www.astrosync.ovh\/nautiCoders\/no-te-pierdas-las-liridas-el-show-del-cielo-nocturno\/\" target=\"_self\" rel=\"bookmark noopener noreferrer\">Leer m\u00e1s<\/a>\n\t\t\t<\/div>\n\t\t\t\n\t\t\t\t\t\t\t\t\t<\/article>\n\t\t\t\t\t\t\t\t\t\t\t\t\t\t\t\t<article class=\"uagb-post__inner-wrap\">\t\t\t\t\t\t\t\t<h4 class=\"uagb-post__title uagb-post__text\">\n\t\t\t\t<a href=\"https:\/\/www.astrosync.ovh\/nautiCoders\/sabias-que-cada-luna-llena-tiene-un-nombre\/\" target=\"_self\" rel=\"bookmark noopener noreferrer\">\u00bfSab\u00edas que cada luna llena tiene un nombre?<\/a>\n\t\t\t<\/h4>\n\t\t\t\t\t\t<div class='uagb-post__text uagb-post-grid-byline'>\n\t\t\t\t\t\t\t\t<time datetime=\"2026-03-24T01:01:53+01:00\" class=\"uagb-post__date\">\n\t\t\t\t<span class=\"dashicons-calendar dashicons\"><\/span>\t\t\t\t\t24 de marzo de 2026\t\t\t\t<\/time>\n\t\t\t\t\t\t\t<span class=\"uagb-post__comment\">\n\t\t\t\t<span class=\"dashicons-admin-comments dashicons\"><\/span>\t\t\t\t\tNo hay comentarios\t\t\t\t<\/span>\n\t\t\t\t\t\t<\/div>\n\t\t\t\t\t\t\t<div class='uagb-post__text uagb-post__excerpt'>\n\t\t\t\t\t<p>A lo largo del a\u00f1o, cada luna llena recibe un nombre tradicional asociado a fen\u00f3menos&#8230;\t\t\t\t<\/div>\n\t\t\t\t\t\t<div class=\"uagb-post__text uagb-post__cta wp-block-button\">\n\t\t\t\t<a class=\"wp-block-button__link uagb-text-link\" style=\"\" href=\"https:\/\/www.astrosync.ovh\/nautiCoders\/sabias-que-cada-luna-llena-tiene-un-nombre\/\" target=\"_self\" rel=\"bookmark noopener noreferrer\">Leer m\u00e1s<\/a>\n\t\t\t<\/div>\n\t\t\t\n\t\t\t\t\t\t\t\t\t<\/article>\n\t\t\t\t\t\t\t\t\t\t\t\t\t\t\t\t<article class=\"uagb-post__inner-wrap\">\t\t\t\t\t\t\t\t<h4 class=\"uagb-post__title uagb-post__text\">\n\t\t\t\t<a href=\"https:\/\/www.astrosync.ovh\/nautiCoders\/diccionario-astronomico-v6\/\" target=\"_self\" rel=\"bookmark noopener noreferrer\">Diccionario Astron\u00f3mico (v6)<\/a>\n\t\t\t<\/h4>\n\t\t\t\t\t\t<div class='uagb-post__text uagb-post-grid-byline'>\n\t\t\t\t\t\t\t\t<time datetime=\"2026-03-23T17:56:07+01:00\" class=\"uagb-post__date\">\n\t\t\t\t<span class=\"dashicons-calendar dashicons\"><\/span>\t\t\t\t\t23 de marzo de 2026\t\t\t\t<\/time>\n\t\t\t\t\t\t\t<span class=\"uagb-post__comment\">\n\t\t\t\t<span class=\"dashicons-admin-comments dashicons\"><\/span>\t\t\t\t\tNo hay comentarios\t\t\t\t<\/span>\n\t\t\t\t\t\t<\/div>\n\t\t\t\t\t\t\t<div class='uagb-post__text uagb-post__excerpt'>\n\t\t\t\t\t<p>\ud83c\udf0c Introducci\u00f3n En esta nueva entrega del Diccionario Astron\u00f3mico de AstroSync, abordamos tres de los&#8230;\t\t\t\t<\/div>\n\t\t\t\t\t\t<div class=\"uagb-post__text uagb-post__cta wp-block-button\">\n\t\t\t\t<a class=\"wp-block-button__link uagb-text-link\" style=\"\" href=\"https:\/\/www.astrosync.ovh\/nautiCoders\/diccionario-astronomico-v6\/\" target=\"_self\" rel=\"bookmark noopener noreferrer\">Leer m\u00e1s<\/a>\n\t\t\t<\/div>\n\t\t\t\n\t\t\t\t\t\t\t\t\t<\/article>\n\t\t\t\t\t\t\t\t\t\t\t\t\t\t\t\t<article class=\"uagb-post__inner-wrap\">\t\t\t\t\t\t\t\t<h4 class=\"uagb-post__title uagb-post__text\">\n\t\t\t\t<a href=\"https:\/\/www.astrosync.ovh\/nautiCoders\/nuevas-funcionalidades-anadidas-en-astrosync-2\/\" target=\"_self\" rel=\"bookmark noopener noreferrer\">Nuevas funcionalidades a\u00f1adidas en AstroSync<\/a>\n\t\t\t<\/h4>\n\t\t\t\t\t\t<div class='uagb-post__text uagb-post-grid-byline'>\n\t\t\t\t\t\t\t\t<time datetime=\"2026-03-09T18:12:18+01:00\" class=\"uagb-post__date\">\n\t\t\t\t<span class=\"dashicons-calendar dashicons\"><\/span>\t\t\t\t\t9 de marzo de 2026\t\t\t\t<\/time>\n\t\t\t\t\t\t\t<span class=\"uagb-post__comment\">\n\t\t\t\t<span class=\"dashicons-admin-comments dashicons\"><\/span>\t\t\t\t\tNo hay comentarios\t\t\t\t<\/span>\n\t\t\t\t\t\t<\/div>\n\t\t\t\t\t\t\t<div class='uagb-post__text uagb-post__excerpt'>\n\t\t\t\t\t<p>En AstroSync seguimos avanzando en el desarrollo de nuestro planetario 3D con el objetivo de&#8230;\t\t\t\t<\/div>\n\t\t\t\t\t\t<div class=\"uagb-post__text uagb-post__cta wp-block-button\">\n\t\t\t\t<a class=\"wp-block-button__link uagb-text-link\" style=\"\" href=\"https:\/\/www.astrosync.ovh\/nautiCoders\/nuevas-funcionalidades-anadidas-en-astrosync-2\/\" target=\"_self\" rel=\"bookmark noopener noreferrer\">Leer m\u00e1s<\/a>\n\t\t\t<\/div>\n\t\t\t\n\t\t\t\t\t\t\t\t\t<\/article>\n\t\t\t\t\t\t\t\t\t\t\t\t\t\t\t\t<article class=\"uagb-post__inner-wrap\">\t\t\t\t\t\t\t\t<h4 class=\"uagb-post__title uagb-post__text\">\n\t\t\t\t<a href=\"https:\/\/www.astrosync.ovh\/nautiCoders\/luna-rosa-el-plenilunio-de-abril\/\" target=\"_self\" rel=\"bookmark noopener noreferrer\">Luna Rosa: El plenilunio de abril<\/a>\n\t\t\t<\/h4>\n\t\t\t\t\t\t<div class='uagb-post__text uagb-post-grid-byline'>\n\t\t\t\t\t\t\t\t<time datetime=\"2026-03-09T17:40:53+01:00\" class=\"uagb-post__date\">\n\t\t\t\t<span class=\"dashicons-calendar dashicons\"><\/span>\t\t\t\t\t9 de marzo de 2026\t\t\t\t<\/time>\n\t\t\t\t\t\t\t<span class=\"uagb-post__comment\">\n\t\t\t\t<span class=\"dashicons-admin-comments dashicons\"><\/span>\t\t\t\t\tNo hay comentarios\t\t\t\t<\/span>\n\t\t\t\t\t\t<\/div>\n\t\t\t\t\t\t\t<div class='uagb-post__text uagb-post__excerpt'>\n\t\t\t\t\t<p>\ud83c\udf15 Luna Rosa La Luna Rosa es el nombre tradicional que recibe la luna llena&#8230;\t\t\t\t<\/div>\n\t\t\t\t\t\t<div class=\"uagb-post__text uagb-post__cta wp-block-button\">\n\t\t\t\t<a class=\"wp-block-button__link uagb-text-link\" style=\"\" href=\"https:\/\/www.astrosync.ovh\/nautiCoders\/luna-rosa-el-plenilunio-de-abril\/\" target=\"_self\" rel=\"bookmark noopener noreferrer\">Leer m\u00e1s<\/a>\n\t\t\t<\/div>\n\t\t\t\n\t\t\t\t\t\t\t\t\t<\/article>\n\t\t\t\t\t\t\t\t\t\t\t\t\t<div class=\"uagb-post-pagination-wrap\">\n\t\t\t\t\t\t<span aria-current=\"page\" class=\"page-numbers current\">1<\/span>\n<a class=\"page-numbers\" href=\"https:\/\/www.astrosync.ovh\/nautiCoders\/wp-json\/wp\/v2\/pages\/3827\/page\/2\/\">2<\/a>\n<a class=\"page-numbers\" href=\"https:\/\/www.astrosync.ovh\/nautiCoders\/wp-json\/wp\/v2\/pages\/3827\/page\/3\/\">3<\/a>\n<a class=\"page-numbers\" href=\"https:\/\/www.astrosync.ovh\/nautiCoders\/wp-json\/wp\/v2\/pages\/3827\/page\/4\/\">4<\/a>\n<a class=\"next page-numbers\" href=\"https:\/\/www.astrosync.ovh\/nautiCoders\/wp-json\/wp\/v2\/pages\/3827\/page\/2\/\">Next \u00bb<\/a>\t\t\t\t\t<\/div>\n\t\t\t\t\t\t\t\t<\/div>\n\t\t\t<\/div>\n<\/div><\/div>\n\n\n\n<p><\/p>\n","protected":false},"excerpt":{"rendered":"<p>The Latest from the Team<\/p>\n","protected":false},"author":1,"featured_media":0,"parent":0,"menu_order":0,"comment_status":"closed","ping_status":"closed","template":"","meta":{"_uag_custom_page_level_css":"","site-sidebar-layout":"no-sidebar","site-content-layout":"","ast-site-content-layout":"full-width-container","site-content-style":"unboxed","site-sidebar-style":"unboxed","ast-global-header-display":"","ast-banner-title-visibility":"","ast-main-header-display":"","ast-hfb-above-header-display":"","ast-hfb-below-header-display":"","ast-hfb-mobile-header-display":"","site-post-title":"disabled","ast-breadcrumbs-content":"","ast-featured-img":"","footer-sml-layout":"","ast-disable-related-posts":"","theme-transparent-header-meta":"enabled","adv-header-id-meta":"","stick-header-meta":"","header-above-stick-meta":"","header-main-stick-meta":"","header-below-stick-meta":"","astra-migrate-meta-layouts":"set","ast-page-background-enabled":"default","ast-page-background-meta":{"desktop":{"background-color":"","background-image":"","background-repeat":"repeat","background-position":"center center","background-size":"auto","background-attachment":"scroll","background-type":"","background-media":"","overlay-type":"","overlay-color":"","overlay-opacity":"","overlay-gradient":""},"tablet":{"background-color":"","background-image":"","background-repeat":"repeat","background-position":"center center","background-size":"auto","background-attachment":"scroll","background-type":"","background-media":"","overlay-type":"","overlay-color":"","overlay-opacity":"","overlay-gradient":""},"mobile":{"background-color":"","background-image":"","background-repeat":"repeat","background-position":"center center","background-size":"auto","background-attachment":"scroll","background-type":"","background-media":"","overlay-type":"","overlay-color":"","overlay-opacity":"","overlay-gradient":""}},"ast-content-background-meta":{"desktop":{"background-color":"var(--ast-global-color-5)","background-image":"","background-repeat":"repeat","background-position":"center center","background-size":"auto","background-attachment":"scroll","background-type":"","background-media":"","overlay-type":"","overlay-color":"","overlay-opacity":"","overlay-gradient":""},"tablet":{"background-color":"var(--ast-global-color-5)","background-image":"","background-repeat":"repeat","background-position":"center center","background-size":"auto","background-attachment":"scroll","background-type":"","background-media":"","overlay-type":"","overlay-color":"","overlay-opacity":"","overlay-gradient":""},"mobile":{"background-color":"var(--ast-global-color-5)","background-image":"","background-repeat":"repeat","background-position":"center center","background-size":"auto","background-attachment":"scroll","background-type":"","background-media":"","overlay-type":"","overlay-color":"","overlay-opacity":"","overlay-gradient":""}},"footnotes":""},"class_list":["post-3827","page","type-page","status-publish","hentry"],"yoast_head":"<!-- This site is optimized with the Yoast SEO plugin v27.5 - https:\/\/yoast.com\/product\/yoast-seo-wordpress\/ -->\n<title>Blog - NautiCoders<\/title>\n<meta name=\"description\" content=\"Art\u00edculos, gu\u00edas, noticias sobre el proceso de desarrollo de nuestro proyecto escritos por nosotros. Descubre las \u00faltimas notas.\" \/>\n<meta name=\"robots\" content=\"index, follow, max-snippet:-1, max-image-preview:large, max-video-preview:-1\" \/>\n<link rel=\"canonical\" href=\"https:\/\/www.astrosync.ovh\/nautiCoders\/en\/blog-en\/\" \/>\n<meta property=\"og:locale\" content=\"es_ES\" \/>\n<meta property=\"og:type\" content=\"article\" \/>\n<meta property=\"og:title\" content=\"Blog - NautiCoders\" \/>\n<meta property=\"og:description\" content=\"Art\u00edculos, gu\u00edas, noticias sobre el proceso de desarrollo de nuestro proyecto escritos por nosotros. Descubre las \u00faltimas notas.\" \/>\n<meta property=\"og:url\" content=\"https:\/\/www.astrosync.ovh\/nautiCoders\/en\/blog-en\/\" \/>\n<meta property=\"og:site_name\" content=\"NautiCoders\" \/>\n<meta property=\"article:modified_time\" content=\"2026-05-03T18:37:27+00:00\" \/>\n<meta name=\"twitter:card\" content=\"summary_large_image\" \/>\n<script type=\"application\/ld+json\" class=\"yoast-schema-graph\">{\"@context\":\"https:\\\/\\\/schema.org\",\"@graph\":[{\"@type\":\"WebPage\",\"@id\":\"https:\\\/\\\/www.astrosync.ovh\\\/nautiCoders\\\/en\\\/blog-en\\\/\",\"url\":\"https:\\\/\\\/www.astrosync.ovh\\\/nautiCoders\\\/en\\\/blog-en\\\/\",\"name\":\"Blog - NautiCoders\",\"isPartOf\":{\"@id\":\"https:\\\/\\\/www.astrosync.ovh\\\/nautiCoders\\\/#website\"},\"datePublished\":\"2026-01-20T15:03:26+00:00\",\"dateModified\":\"2026-05-03T18:37:27+00:00\",\"description\":\"Art\u00edculos, gu\u00edas, noticias sobre el proceso de desarrollo de nuestro proyecto escritos por nosotros. Descubre las \u00faltimas notas.\",\"breadcrumb\":{\"@id\":\"https:\\\/\\\/www.astrosync.ovh\\\/nautiCoders\\\/en\\\/blog-en\\\/#breadcrumb\"},\"inLanguage\":\"es\",\"potentialAction\":[{\"@type\":\"ReadAction\",\"target\":[\"https:\\\/\\\/www.astrosync.ovh\\\/nautiCoders\\\/en\\\/blog-en\\\/\"]}]},{\"@type\":\"BreadcrumbList\",\"@id\":\"https:\\\/\\\/www.astrosync.ovh\\\/nautiCoders\\\/en\\\/blog-en\\\/#breadcrumb\",\"itemListElement\":[{\"@type\":\"ListItem\",\"position\":1,\"name\":\"Portada\",\"item\":\"https:\\\/\\\/www.astrosync.ovh\\\/nautiCoders\\\/\"},{\"@type\":\"ListItem\",\"position\":2,\"name\":\"Blog\"}]},{\"@type\":\"WebSite\",\"@id\":\"https:\\\/\\\/www.astrosync.ovh\\\/nautiCoders\\\/#website\",\"url\":\"https:\\\/\\\/www.astrosync.ovh\\\/nautiCoders\\\/\",\"name\":\"Nauti Coders\",\"description\":\"\",\"publisher\":{\"@id\":\"https:\\\/\\\/www.astrosync.ovh\\\/nautiCoders\\\/#organization\"},\"potentialAction\":[{\"@type\":\"SearchAction\",\"target\":{\"@type\":\"EntryPoint\",\"urlTemplate\":\"https:\\\/\\\/www.astrosync.ovh\\\/nautiCoders\\\/?s={search_term_string}\"},\"query-input\":{\"@type\":\"PropertyValueSpecification\",\"valueRequired\":true,\"valueName\":\"search_term_string\"}}],\"inLanguage\":\"es\"},{\"@type\":\"Organization\",\"@id\":\"https:\\\/\\\/www.astrosync.ovh\\\/nautiCoders\\\/#organization\",\"name\":\"Nauti Coders\",\"url\":\"https:\\\/\\\/www.astrosync.ovh\\\/nautiCoders\\\/\",\"logo\":{\"@type\":\"ImageObject\",\"inLanguage\":\"es\",\"@id\":\"https:\\\/\\\/www.astrosync.ovh\\\/nautiCoders\\\/#\\\/schema\\\/logo\\\/image\\\/\",\"url\":\"http:\\\/\\\/www.astrosync.ovh\\\/nautiCoders\\\/wp-content\\\/uploads\\\/2025\\\/10\\\/nauti-coders-logo.png\",\"contentUrl\":\"http:\\\/\\\/www.astrosync.ovh\\\/nautiCoders\\\/wp-content\\\/uploads\\\/2025\\\/10\\\/nauti-coders-logo.png\",\"width\":1128,\"height\":1198,\"caption\":\"Nauti Coders\"},\"image\":{\"@id\":\"https:\\\/\\\/www.astrosync.ovh\\\/nautiCoders\\\/#\\\/schema\\\/logo\\\/image\\\/\"}}]}<\/script>\n<!-- \/ Yoast SEO plugin. -->","yoast_head_json":{"title":"Blog - NautiCoders","description":"Art\u00edculos, gu\u00edas, noticias sobre el proceso de desarrollo de nuestro proyecto escritos por nosotros. Descubre las \u00faltimas notas.","robots":{"index":"index","follow":"follow","max-snippet":"max-snippet:-1","max-image-preview":"max-image-preview:large","max-video-preview":"max-video-preview:-1"},"canonical":"https:\/\/www.astrosync.ovh\/nautiCoders\/en\/blog-en\/","og_locale":"es_ES","og_type":"article","og_title":"Blog - NautiCoders","og_description":"Art\u00edculos, gu\u00edas, noticias sobre el proceso de desarrollo de nuestro proyecto escritos por nosotros. Descubre las \u00faltimas notas.","og_url":"https:\/\/www.astrosync.ovh\/nautiCoders\/en\/blog-en\/","og_site_name":"NautiCoders","article_modified_time":"2026-05-03T18:37:27+00:00","twitter_card":"summary_large_image","schema":{"@context":"https:\/\/schema.org","@graph":[{"@type":"WebPage","@id":"https:\/\/www.astrosync.ovh\/nautiCoders\/en\/blog-en\/","url":"https:\/\/www.astrosync.ovh\/nautiCoders\/en\/blog-en\/","name":"Blog - NautiCoders","isPartOf":{"@id":"https:\/\/www.astrosync.ovh\/nautiCoders\/#website"},"datePublished":"2026-01-20T15:03:26+00:00","dateModified":"2026-05-03T18:37:27+00:00","description":"Art\u00edculos, gu\u00edas, noticias sobre el proceso de desarrollo de nuestro proyecto escritos por nosotros. Descubre las \u00faltimas notas.","breadcrumb":{"@id":"https:\/\/www.astrosync.ovh\/nautiCoders\/en\/blog-en\/#breadcrumb"},"inLanguage":"es","potentialAction":[{"@type":"ReadAction","target":["https:\/\/www.astrosync.ovh\/nautiCoders\/en\/blog-en\/"]}]},{"@type":"BreadcrumbList","@id":"https:\/\/www.astrosync.ovh\/nautiCoders\/en\/blog-en\/#breadcrumb","itemListElement":[{"@type":"ListItem","position":1,"name":"Portada","item":"https:\/\/www.astrosync.ovh\/nautiCoders\/"},{"@type":"ListItem","position":2,"name":"Blog"}]},{"@type":"WebSite","@id":"https:\/\/www.astrosync.ovh\/nautiCoders\/#website","url":"https:\/\/www.astrosync.ovh\/nautiCoders\/","name":"Nauti Coders","description":"","publisher":{"@id":"https:\/\/www.astrosync.ovh\/nautiCoders\/#organization"},"potentialAction":[{"@type":"SearchAction","target":{"@type":"EntryPoint","urlTemplate":"https:\/\/www.astrosync.ovh\/nautiCoders\/?s={search_term_string}"},"query-input":{"@type":"PropertyValueSpecification","valueRequired":true,"valueName":"search_term_string"}}],"inLanguage":"es"},{"@type":"Organization","@id":"https:\/\/www.astrosync.ovh\/nautiCoders\/#organization","name":"Nauti Coders","url":"https:\/\/www.astrosync.ovh\/nautiCoders\/","logo":{"@type":"ImageObject","inLanguage":"es","@id":"https:\/\/www.astrosync.ovh\/nautiCoders\/#\/schema\/logo\/image\/","url":"http:\/\/www.astrosync.ovh\/nautiCoders\/wp-content\/uploads\/2025\/10\/nauti-coders-logo.png","contentUrl":"http:\/\/www.astrosync.ovh\/nautiCoders\/wp-content\/uploads\/2025\/10\/nauti-coders-logo.png","width":1128,"height":1198,"caption":"Nauti Coders"},"image":{"@id":"https:\/\/www.astrosync.ovh\/nautiCoders\/#\/schema\/logo\/image\/"}}]}},"uagb_featured_image_src":{"full":false,"thumbnail":false,"medium":false,"medium_large":false,"large":false,"1536x1536":false,"2048x2048":false},"uagb_author_info":{"display_name":"nauticoders","author_link":"https:\/\/www.astrosync.ovh\/nautiCoders\/author\/nauticoders\/"},"uagb_comment_info":0,"uagb_excerpt":"The Latest from the Team","_links":{"self":[{"href":"https:\/\/www.astrosync.ovh\/nautiCoders\/wp-json\/wp\/v2\/pages\/3827","targetHints":{"allow":["GET"]}}],"collection":[{"href":"https:\/\/www.astrosync.ovh\/nautiCoders\/wp-json\/wp\/v2\/pages"}],"about":[{"href":"https:\/\/www.astrosync.ovh\/nautiCoders\/wp-json\/wp\/v2\/types\/page"}],"author":[{"embeddable":true,"href":"https:\/\/www.astrosync.ovh\/nautiCoders\/wp-json\/wp\/v2\/users\/1"}],"replies":[{"embeddable":true,"href":"https:\/\/www.astrosync.ovh\/nautiCoders\/wp-json\/wp\/v2\/comments?post=3827"}],"version-history":[{"count":3,"href":"https:\/\/www.astrosync.ovh\/nautiCoders\/wp-json\/wp\/v2\/pages\/3827\/revisions"}],"predecessor-version":[{"id":4077,"href":"https:\/\/www.astrosync.ovh\/nautiCoders\/wp-json\/wp\/v2\/pages\/3827\/revisions\/4077"}],"wp:attachment":[{"href":"https:\/\/www.astrosync.ovh\/nautiCoders\/wp-json\/wp\/v2\/media?parent=3827"}],"curies":[{"name":"wp","href":"https:\/\/api.w.org\/{rel}","templated":true}]}}