{"id":1490,"date":"2025-10-13T17:00:45","date_gmt":"2025-10-13T15:00:45","guid":{"rendered":"http:\/\/www.astrosync.ovh\/nautiCoders\/index.php\/about\/"},"modified":"2025-11-27T22:21:32","modified_gmt":"2025-11-27T21:21:32","slug":"sobre-nosotros","status":"publish","type":"page","link":"https:\/\/www.astrosync.ovh\/nautiCoders\/sobre-nosotros\/","title":{"rendered":"Sobre Nosotros"},"content":{"rendered":"\n<div class=\"wp-block-uagb-container uagb-block-78fbda14 alignfull uagb-is-root-container\"><div class=\"uagb-container-inner-blocks-wrap\">\n<div class=\"wp-block-uagb-info-box uagb-block-38b626f9 uagb-infobox__content-wrap  uagb-infobox-icon-above-title uagb-infobox-image-valign-top\"><div class=\"uagb-ifb-content\"><div class=\"uagb-ifb-title-wrap\"><h1 class=\"uagb-ifb-title-prefix\"><strong>Nauti Coders<\/strong><\/h1><h4 class=\"uagb-ifb-title\"><strong>Un equipo de estudiantes de Ingenier\u00eda Multimedia construyendo AstroSync, un planetario 3D para observar <\/strong>estrellas, planetas y constelaciones\u200b<\/h4><\/div><\/div><\/div>\n<\/div><\/div>\n\n\n\n<div class=\"wp-block-uagb-container uagb-block-0682ea1d alignfull uagb-is-root-container\"><div class=\"uagb-container-inner-blocks-wrap\">\n<div class=\"wp-block-uagb-container uagb-block-d904cbea\">\n<div class=\"wp-block-uagb-container uagb-block-37158dbe\">\n<div class=\"wp-block-uagb-info-box uagb-block-1d62cba7 uagb-infobox__content-wrap  uagb-infobox-icon-above-title uagb-infobox-image-valign-top\"><div class=\"uagb-ifb-content\"><div class=\"uagb-ifb-title-wrap\"><div class=\"uagb-ifb-separator\"><\/div><h3 class=\"uagb-ifb-title\"><strong>\u00bfQui\u00e9nes somos?<\/strong><\/h3><\/div><p class=\"uagb-ifb-desc\">Un equipo multidisciplinar de estudiantes de Ingenier\u00eda Multimedia, con perfiles en desarrollo, dise\u00f1o, experiencia de usuario. Trabajamos desde la Universidad de Alicante con el apoyo de nuestros tutores acad\u00e9micos.<\/p><\/div><\/div>\n<\/div>\n\n\n\n<div class=\"wp-block-uagb-container uagb-block-75bd7c61\">\n<div class=\"wp-block-uagb-info-box uagb-block-4eb4800b uagb-infobox__content-wrap  uagb-infobox-icon-above-title uagb-infobox-image-valign-top\"><div class=\"uagb-ifb-content\"><div class=\"uagb-ifb-title-wrap\"><div class=\"uagb-ifb-separator\"><\/div><h3 class=\"uagb-ifb-title\">\u00bfCu\u00e1l es nuestro prop\u00f3sito?<\/h3><\/div><p class=\"uagb-ifb-desc\">Acercar la astronom\u00eda a m\u00e1s personas mediante una herramienta digital que combine exploraci\u00f3n, aprendizaje aut\u00f3nomo y comunidad. Creemos que mirar al cielo deber\u00eda ser tan intuitivo como inspirador.<\/p><\/div><\/div>\n<\/div>\n\n\n\n<div class=\"wp-block-uagb-container uagb-block-bb6ae8ac\">\n<div class=\"wp-block-uagb-info-box uagb-block-4f0b567b uagb-infobox__content-wrap  uagb-infobox-icon-above-title uagb-infobox-image-valign-top\"><div class=\"uagb-ifb-content\"><div class=\"uagb-ifb-title-wrap\"><div class=\"uagb-ifb-separator\"><\/div><h3 class=\"uagb-ifb-title\">\u00bfEn qu\u00e9 estamos trabajando?<\/h3><\/div><p class=\"uagb-ifb-desc\">Desarrollamos AstroSync: un planetario web en 3D que permite observar el cielo en tiempo real, planificar salidas astron\u00f3micas, aprender con un chatbot especializado y compartir descubrimientos con otros entusiastas.<\/p><\/div><\/div>\n<\/div>\n<\/div>\n<\/div><\/div>\n\n\n\n<div class=\"wp-block-uagb-container uagb-block-4e055757 alignfull uagb-is-root-container\"><div class=\"uagb-container-inner-blocks-wrap\">\n<div class=\"wp-block-uagb-advanced-heading uagb-block-52e6f048\"><h2 class=\"uagb-heading-text\">Nuestro proceso de trabajo<\/h2><\/div>\n\n\n\n<div class=\"wp-block-uagb-container uagb-block-07da9de1\">\n<div class=\"wp-block-uagb-info-box uagb-block-41b7352e uagb-infobox__content-wrap  uagb-infobox-icon-above-title uagb-infobox-image-valign-top\"><div class=\"uagb-ifb-content\"><div class=\"uagb-ifb-title-wrap\"><span class=\"uagb-ifb-title-prefix\">01.<\/span><h4 class=\"uagb-ifb-title\"><strong>Descubrir<\/strong>\u200b<\/h4><\/div><p class=\"uagb-ifb-desc\">Investigamos necesidades reales de docentes y aficionados a la astronom\u00eda.<\/p><\/div><\/div>\n\n\n\n<div class=\"wp-block-uagb-info-box uagb-block-974ef798 uagb-infobox__content-wrap  uagb-infobox-icon-above-title uagb-infobox-image-valign-top\"><div class=\"uagb-ifb-content\"><div class=\"uagb-ifb-title-wrap\"><span class=\"uagb-ifb-title-prefix\">02.<\/span><h4 class=\"uagb-ifb-title\"><strong>Definir<\/strong>\u200b<\/h4><\/div><p class=\"uagb-ifb-desc\">Priorizamos funcionalidades clave: \u00bfqu\u00e9 resuelve un problema real?<\/p><\/div><\/div>\n\n\n\n<div class=\"wp-block-uagb-info-box uagb-block-1e5ee18b uagb-infobox__content-wrap  uagb-infobox-icon-above-title uagb-infobox-image-valign-top\"><div class=\"uagb-ifb-content\"><div class=\"uagb-ifb-title-wrap\"><span class=\"uagb-ifb-title-prefix\">03.<\/span><h4 class=\"uagb-ifb-title\"><strong>Dise\u00f1ar<\/strong>\u200b<\/h4><\/div><p class=\"uagb-ifb-desc\">Creamos prototipos de interfaz y flujo de usuario, siempre pensando en la accesibilidad.<\/p><\/div><\/div>\n<\/div>\n\n\n\n<div class=\"wp-block-uagb-container uagb-block-f9dbfcfe\">\n<div class=\"wp-block-uagb-info-box uagb-block-1d65747b uagb-infobox__content-wrap  uagb-infobox-icon-above-title uagb-infobox-image-valign-top\"><div class=\"uagb-ifb-content\"><div class=\"uagb-ifb-title-wrap\"><span class=\"uagb-ifb-title-prefix\">04.<\/span><h4 class=\"uagb-ifb-title\"><strong>Desarrollar<\/strong>\u200b\u200b<\/h4><\/div><p class=\"uagb-ifb-desc\">Programamos el planetario 3D, el chatbot y el sistema de comunidad con tecnolog\u00edas web modernas.<\/p><\/div><\/div>\n\n\n\n<div class=\"wp-block-uagb-info-box uagb-block-c2282ab3 uagb-infobox__content-wrap  uagb-infobox-icon-above-title uagb-infobox-image-valign-top\"><div class=\"uagb-ifb-content\"><div class=\"uagb-ifb-title-wrap\"><span class=\"uagb-ifb-title-prefix\">05.<\/span><h4 class=\"uagb-ifb-title\"><strong>Demostrar<\/strong>\u200b<\/h4><\/div><p class=\"uagb-ifb-desc\">Probamos con usuarios reales y recogemos feedback.<\/p><\/div><\/div>\n\n\n\n<div class=\"wp-block-uagb-info-box uagb-block-f425908f uagb-infobox__content-wrap  uagb-infobox-icon-above-title uagb-infobox-image-valign-top\"><div class=\"uagb-ifb-content\"><div class=\"uagb-ifb-title-wrap\"><span class=\"uagb-ifb-title-prefix\">06.<\/span><h4 class=\"uagb-ifb-title\"><strong>Difundir<\/strong>\u200b<\/h4><\/div><p class=\"uagb-ifb-desc\">Compartimos avances, documentamos el proceso y abrimos la plataforma a la comunidad.<\/p><\/div><\/div>\n<\/div>\n<\/div><\/div>\n\n\n\n<div class=\"wp-block-uagb-container uagb-block-688c973c alignfull uagb-is-root-container\"><div class=\"uagb-container-inner-blocks-wrap\">\n<div class=\"wp-block-uagb-container uagb-layout-grid uagb-block-7c3671d3\">\n<div class=\"wp-block-uagb-advanced-heading uagb-block-12865cae\"><h3 class=\"uagb-heading-text\">\u00bfTienes alguna sugerencia o comentario?\u200b<\/h3><p class=\"uagb-desc-text\">Si quieres ponerte en contacto con nosotros, haz clic en el bot\u00f3n y rellena el formulario. Cu\u00e9ntanos tu consulta o propuesta y nos pondremos en contacto lo antes posible.<\/p><\/div>\n\n\n\n<div class=\"wp-block-uagb-buttons uagb-buttons__outer-wrap uagb-btn__default-btn uagb-btn-tablet__default-btn uagb-btn-mobile__default-btn uagb-block-bd3036e5\"><div class=\"uagb-buttons__wrap uagb-buttons-layout-wrap \">\n<div class=\"wp-block-uagb-buttons-child uagb-buttons__outer-wrap uagb-block-d862191c wp-block-button\"><div class=\"uagb-button__wrapper\"><a class=\"uagb-buttons-repeater wp-block-button__link\" aria-label=\"\" href=\"http:\/\/www.astrosync.ovh\/nautiCoders\/contact\/\" rel=\"follow noopener\" target=\"_self\" role=\"button\"><div class=\"uagb-button__link\">abrir formulario<\/div><\/a><\/div><\/div>\n<\/div><\/div>\n<\/div>\n<\/div><\/div>\n","protected":false},"excerpt":{"rendered":"<p>Nuestro proceso de trabajo \u00bfTienes alguna sugerencia o comentario?\u200b Si quieres ponerte en contacto con nosotros, haz clic en el bot\u00f3n y rellena el formulario. Cu\u00e9ntanos tu consulta o propuesta y nos pondremos en contacto lo antes posible.<\/p>\n","protected":false},"author":1,"featured_media":0,"parent":0,"menu_order":0,"comment_status":"closed","ping_status":"closed","template":"","meta":{"_uag_custom_page_level_css":"","site-sidebar-layout":"no-sidebar","site-content-layout":"page-builder","ast-site-content-layout":"full-width-container","site-content-style":"unboxed","site-sidebar-style":"unboxed","ast-global-header-display":"","ast-banner-title-visibility":"","ast-main-header-display":"","ast-hfb-above-header-display":"","ast-hfb-below-header-display":"","ast-hfb-mobile-header-display":"","site-post-title":"disabled","ast-breadcrumbs-content":"","ast-featured-img":"disabled","footer-sml-layout":"","ast-disable-related-posts":"","theme-transparent-header-meta":"enabled","adv-header-id-meta":"","stick-header-meta":"","header-above-stick-meta":"","header-main-stick-meta":"","header-below-stick-meta":"","astra-migrate-meta-layouts":"set","ast-page-background-enabled":"default","ast-page-background-meta":{"desktop":{"background-color":"","background-image":"","background-repeat":"repeat","background-position":"center center","background-size":"auto","background-attachment":"scroll","background-type":"","background-media":"","overlay-type":"","overlay-color":"","overlay-opacity":"","overlay-gradient":""},"tablet":{"background-color":"","background-image":"","background-repeat":"repeat","background-position":"center center","background-size":"auto","background-attachment":"scroll","background-type":"","background-media":"","overlay-type":"","overlay-color":"","overlay-opacity":"","overlay-gradient":""},"mobile":{"background-color":"","background-image":"","background-repeat":"repeat","background-position":"center center","background-size":"auto","background-attachment":"scroll","background-type":"","background-media":"","overlay-type":"","overlay-color":"","overlay-opacity":"","overlay-gradient":""}},"ast-content-background-meta":{"desktop":{"background-color":"var(--ast-global-color-5)","background-image":"","background-repeat":"repeat","background-position":"center center","background-size":"auto","background-attachment":"scroll","background-type":"","background-media":"","overlay-type":"","overlay-color":"","overlay-opacity":"","overlay-gradient":""},"tablet":{"background-color":"var(--ast-global-color-5)","background-image":"","background-repeat":"repeat","background-position":"center center","background-size":"auto","background-attachment":"scroll","background-type":"","background-media":"","overlay-type":"","overlay-color":"","overlay-opacity":"","overlay-gradient":""},"mobile":{"background-color":"var(--ast-global-color-5)","background-image":"","background-repeat":"repeat","background-position":"center center","background-size":"auto","background-attachment":"scroll","background-type":"","background-media":"","overlay-type":"","overlay-color":"","overlay-opacity":"","overlay-gradient":""}},"footnotes":""},"class_list":["post-1490","page","type-page","status-publish","hentry"],"yoast_head":"<!-- This site is optimized with the Yoast SEO plugin v27.5 - https:\/\/yoast.com\/product\/yoast-seo-wordpress\/ -->\n<title>Sobre Nosotros - NautiCoders<\/title>\n<meta name=\"description\" content=\"Conectamos aficionados y curiosos con el universo. Resolvemos la planificaci\u00f3n dispersa y falta de informaci\u00f3n especializada.\" \/>\n<meta name=\"robots\" content=\"index, follow, max-snippet:-1, max-image-preview:large, max-video-preview:-1\" \/>\n<link rel=\"canonical\" href=\"https:\/\/www.astrosync.ovh\/nautiCoders\/sobre-nosotros\/\" \/>\n<meta property=\"og:locale\" content=\"es_ES\" \/>\n<meta property=\"og:type\" content=\"article\" \/>\n<meta property=\"og:title\" content=\"Sobre Nosotros - NautiCoders\" \/>\n<meta property=\"og:description\" content=\"Conectamos aficionados y curiosos con el universo. Resolvemos la planificaci\u00f3n dispersa y falta de informaci\u00f3n especializada.\" \/>\n<meta property=\"og:url\" content=\"https:\/\/www.astrosync.ovh\/nautiCoders\/sobre-nosotros\/\" \/>\n<meta property=\"og:site_name\" content=\"NautiCoders\" \/>\n<meta property=\"article:modified_time\" content=\"2025-11-27T21:21:32+00:00\" \/>\n<meta name=\"twitter:card\" content=\"summary_large_image\" \/>\n<meta name=\"twitter:label1\" content=\"Tiempo de lectura\" \/>\n\t<meta name=\"twitter:data1\" content=\"2 minutos\" \/>\n<script type=\"application\/ld+json\" class=\"yoast-schema-graph\">{\"@context\":\"https:\\\/\\\/schema.org\",\"@graph\":[{\"@type\":\"WebPage\",\"@id\":\"https:\\\/\\\/www.astrosync.ovh\\\/nautiCoders\\\/sobre-nosotros\\\/\",\"url\":\"https:\\\/\\\/www.astrosync.ovh\\\/nautiCoders\\\/sobre-nosotros\\\/\",\"name\":\"Sobre Nosotros - NautiCoders\",\"isPartOf\":{\"@id\":\"https:\\\/\\\/www.astrosync.ovh\\\/nautiCoders\\\/#website\"},\"datePublished\":\"2025-10-13T15:00:45+00:00\",\"dateModified\":\"2025-11-27T21:21:32+00:00\",\"description\":\"Conectamos aficionados y curiosos con el universo. Resolvemos la planificaci\u00f3n dispersa y falta de informaci\u00f3n especializada.\",\"breadcrumb\":{\"@id\":\"https:\\\/\\\/www.astrosync.ovh\\\/nautiCoders\\\/sobre-nosotros\\\/#breadcrumb\"},\"inLanguage\":\"es\",\"potentialAction\":[{\"@type\":\"ReadAction\",\"target\":[\"https:\\\/\\\/www.astrosync.ovh\\\/nautiCoders\\\/sobre-nosotros\\\/\"]}]},{\"@type\":\"BreadcrumbList\",\"@id\":\"https:\\\/\\\/www.astrosync.ovh\\\/nautiCoders\\\/sobre-nosotros\\\/#breadcrumb\",\"itemListElement\":[{\"@type\":\"ListItem\",\"position\":1,\"name\":\"Portada\",\"item\":\"https:\\\/\\\/www.astrosync.ovh\\\/nautiCoders\\\/\"},{\"@type\":\"ListItem\",\"position\":2,\"name\":\"Sobre Nosotros\"}]},{\"@type\":\"WebSite\",\"@id\":\"https:\\\/\\\/www.astrosync.ovh\\\/nautiCoders\\\/#website\",\"url\":\"https:\\\/\\\/www.astrosync.ovh\\\/nautiCoders\\\/\",\"name\":\"Nauti Coders\",\"description\":\"\",\"publisher\":{\"@id\":\"https:\\\/\\\/www.astrosync.ovh\\\/nautiCoders\\\/#organization\"},\"potentialAction\":[{\"@type\":\"SearchAction\",\"target\":{\"@type\":\"EntryPoint\",\"urlTemplate\":\"https:\\\/\\\/www.astrosync.ovh\\\/nautiCoders\\\/?s={search_term_string}\"},\"query-input\":{\"@type\":\"PropertyValueSpecification\",\"valueRequired\":true,\"valueName\":\"search_term_string\"}}],\"inLanguage\":\"es\"},{\"@type\":\"Organization\",\"@id\":\"https:\\\/\\\/www.astrosync.ovh\\\/nautiCoders\\\/#organization\",\"name\":\"Nauti Coders\",\"url\":\"https:\\\/\\\/www.astrosync.ovh\\\/nautiCoders\\\/\",\"logo\":{\"@type\":\"ImageObject\",\"inLanguage\":\"es\",\"@id\":\"https:\\\/\\\/www.astrosync.ovh\\\/nautiCoders\\\/#\\\/schema\\\/logo\\\/image\\\/\",\"url\":\"http:\\\/\\\/www.astrosync.ovh\\\/nautiCoders\\\/wp-content\\\/uploads\\\/2025\\\/10\\\/nauti-coders-logo.png\",\"contentUrl\":\"http:\\\/\\\/www.astrosync.ovh\\\/nautiCoders\\\/wp-content\\\/uploads\\\/2025\\\/10\\\/nauti-coders-logo.png\",\"width\":1128,\"height\":1198,\"caption\":\"Nauti Coders\"},\"image\":{\"@id\":\"https:\\\/\\\/www.astrosync.ovh\\\/nautiCoders\\\/#\\\/schema\\\/logo\\\/image\\\/\"}}]}<\/script>\n<!-- \/ Yoast SEO plugin. -->","yoast_head_json":{"title":"Sobre Nosotros - NautiCoders","description":"Conectamos aficionados y curiosos con el universo. Resolvemos la planificaci\u00f3n dispersa y falta de informaci\u00f3n especializada.","robots":{"index":"index","follow":"follow","max-snippet":"max-snippet:-1","max-image-preview":"max-image-preview:large","max-video-preview":"max-video-preview:-1"},"canonical":"https:\/\/www.astrosync.ovh\/nautiCoders\/sobre-nosotros\/","og_locale":"es_ES","og_type":"article","og_title":"Sobre Nosotros - NautiCoders","og_description":"Conectamos aficionados y curiosos con el universo. Resolvemos la planificaci\u00f3n dispersa y falta de informaci\u00f3n especializada.","og_url":"https:\/\/www.astrosync.ovh\/nautiCoders\/sobre-nosotros\/","og_site_name":"NautiCoders","article_modified_time":"2025-11-27T21:21:32+00:00","twitter_card":"summary_large_image","twitter_misc":{"Tiempo de lectura":"2 minutos"},"schema":{"@context":"https:\/\/schema.org","@graph":[{"@type":"WebPage","@id":"https:\/\/www.astrosync.ovh\/nautiCoders\/sobre-nosotros\/","url":"https:\/\/www.astrosync.ovh\/nautiCoders\/sobre-nosotros\/","name":"Sobre Nosotros - NautiCoders","isPartOf":{"@id":"https:\/\/www.astrosync.ovh\/nautiCoders\/#website"},"datePublished":"2025-10-13T15:00:45+00:00","dateModified":"2025-11-27T21:21:32+00:00","description":"Conectamos aficionados y curiosos con el universo. Resolvemos la planificaci\u00f3n dispersa y falta de informaci\u00f3n especializada.","breadcrumb":{"@id":"https:\/\/www.astrosync.ovh\/nautiCoders\/sobre-nosotros\/#breadcrumb"},"inLanguage":"es","potentialAction":[{"@type":"ReadAction","target":["https:\/\/www.astrosync.ovh\/nautiCoders\/sobre-nosotros\/"]}]},{"@type":"BreadcrumbList","@id":"https:\/\/www.astrosync.ovh\/nautiCoders\/sobre-nosotros\/#breadcrumb","itemListElement":[{"@type":"ListItem","position":1,"name":"Portada","item":"https:\/\/www.astrosync.ovh\/nautiCoders\/"},{"@type":"ListItem","position":2,"name":"Sobre Nosotros"}]},{"@type":"WebSite","@id":"https:\/\/www.astrosync.ovh\/nautiCoders\/#website","url":"https:\/\/www.astrosync.ovh\/nautiCoders\/","name":"Nauti Coders","description":"","publisher":{"@id":"https:\/\/www.astrosync.ovh\/nautiCoders\/#organization"},"potentialAction":[{"@type":"SearchAction","target":{"@type":"EntryPoint","urlTemplate":"https:\/\/www.astrosync.ovh\/nautiCoders\/?s={search_term_string}"},"query-input":{"@type":"PropertyValueSpecification","valueRequired":true,"valueName":"search_term_string"}}],"inLanguage":"es"},{"@type":"Organization","@id":"https:\/\/www.astrosync.ovh\/nautiCoders\/#organization","name":"Nauti Coders","url":"https:\/\/www.astrosync.ovh\/nautiCoders\/","logo":{"@type":"ImageObject","inLanguage":"es","@id":"https:\/\/www.astrosync.ovh\/nautiCoders\/#\/schema\/logo\/image\/","url":"http:\/\/www.astrosync.ovh\/nautiCoders\/wp-content\/uploads\/2025\/10\/nauti-coders-logo.png","contentUrl":"http:\/\/www.astrosync.ovh\/nautiCoders\/wp-content\/uploads\/2025\/10\/nauti-coders-logo.png","width":1128,"height":1198,"caption":"Nauti Coders"},"image":{"@id":"https:\/\/www.astrosync.ovh\/nautiCoders\/#\/schema\/logo\/image\/"}}]}},"uagb_featured_image_src":{"full":false,"thumbnail":false,"medium":false,"medium_large":false,"large":false,"1536x1536":false,"2048x2048":false},"uagb_author_info":{"display_name":"nauticoders","author_link":"https:\/\/www.astrosync.ovh\/nautiCoders\/author\/nauticoders\/"},"uagb_comment_info":0,"uagb_excerpt":"Nuestro proceso de trabajo \u00bfTienes alguna sugerencia o comentario?\u200b Si quieres ponerte en contacto con nosotros, haz clic en el bot\u00f3n y rellena el formulario. Cu\u00e9ntanos tu consulta o propuesta y nos pondremos en contacto lo antes posible.","_links":{"self":[{"href":"https:\/\/www.astrosync.ovh\/nautiCoders\/wp-json\/wp\/v2\/pages\/1490","targetHints":{"allow":["GET"]}}],"collection":[{"href":"https:\/\/www.astrosync.ovh\/nautiCoders\/wp-json\/wp\/v2\/pages"}],"about":[{"href":"https:\/\/www.astrosync.ovh\/nautiCoders\/wp-json\/wp\/v2\/types\/page"}],"author":[{"embeddable":true,"href":"https:\/\/www.astrosync.ovh\/nautiCoders\/wp-json\/wp\/v2\/users\/1"}],"replies":[{"embeddable":true,"href":"https:\/\/www.astrosync.ovh\/nautiCoders\/wp-json\/wp\/v2\/comments?post=1490"}],"version-history":[{"count":11,"href":"https:\/\/www.astrosync.ovh\/nautiCoders\/wp-json\/wp\/v2\/pages\/1490\/revisions"}],"predecessor-version":[{"id":3589,"href":"https:\/\/www.astrosync.ovh\/nautiCoders\/wp-json\/wp\/v2\/pages\/1490\/revisions\/3589"}],"wp:attachment":[{"href":"https:\/\/www.astrosync.ovh\/nautiCoders\/wp-json\/wp\/v2\/media?parent=1490"}],"curies":[{"name":"wp","href":"https:\/\/api.w.org\/{rel}","templated":true}]}}